                                                                                                                                                                                                                                                                                                                                                                                                                                                                                                                                                                                                                                                                                                                                                                                                                                                        
{"id":42,"date":"2024-09-17T10:01:07","date_gmt":"2024-09-17T08:01:07","guid":{"rendered":"https:\/\/webpat.fr\/mag\/?page_id=42"},"modified":"2024-09-17T11:02:02","modified_gmt":"2024-09-17T09:02:02","slug":"marquages","status":"publish","type":"page","link":"https:\/\/webpat.fr\/mag\/marquages\/","title":{"rendered":"Marquages"},"content":{"rendered":"\n<p>Tout type de marquage possible: S\u00e9rigraphie, Flex, Broderie.<br>N&rsquo;h\u00e9sitez pas \u00e0 nous contacter pour que l&rsquo;on d\u00e9finisse ensemble le meilleur marquage en fonction de votre support.<\/p>\n","protected":false},"excerpt":{"rendered":"<p>Tout type de marquage possible: S\u00e9rigraphie, Flex, Broderie.N&rsquo;h\u00e9sitez pas \u00e0 nous contacter pour que l&rsquo;on d\u00e9finisse ensemble le meilleur marquage en fonction de votre support.<\/p>\n","protected":false},"author":1,"featured_media":0,"parent":0,"menu_order":0,"comment_status":"closed","ping_status":"closed","template":"","meta":{"footnotes":""},"class_list":["post-42","page","type-page","status-publish","hentry"],"_links":{"self":[{"href":"https:\/\/webpat.fr\/mag\/wp-json\/wp\/v2\/pages\/42","targetHints":{"allow":["GET"]}}],"collection":[{"href":"https:\/\/webpat.fr\/mag\/wp-json\/wp\/v2\/pages"}],"about":[{"href":"https:\/\/webpat.fr\/mag\/wp-json\/wp\/v2\/types\/page"}],"author":[{"embeddable":true,"href":"https:\/\/webpat.fr\/mag\/wp-json\/wp\/v2\/users\/1"}],"replies":[{"embeddable":true,"href":"https:\/\/webpat.fr\/mag\/wp-json\/wp\/v2\/comments?post=42"}],"version-history":[{"count":5,"href":"https:\/\/webpat.fr\/mag\/wp-json\/wp\/v2\/pages\/42\/revisions"}],"predecessor-version":[{"id":64,"href":"https:\/\/webpat.fr\/mag\/wp-json\/wp\/v2\/pages\/42\/revisions\/64"}],"wp:attachment":[{"href":"https:\/\/webpat.fr\/mag\/wp-json\/wp\/v2\/media?parent=42"}],"curies":[{"name":"wp","href":"https:\/\/api.w.org\/{rel}","templated":true}]}}