{"id":14822,"date":"2022-03-23T17:55:47","date_gmt":"2022-03-23T16:55:47","guid":{"rendered":"http:\/\/webpat.fr\/v4\/?page_id=14822"},"modified":"2022-03-24T12:06:39","modified_gmt":"2022-03-24T11:06:39","slug":"location-de-barnums","status":"publish","type":"page","link":"https:\/\/webpat.fr\/v4\/location-de-barnums\/","title":{"rendered":"Location de Barnums"},"content":{"rendered":"<div>\n<h1 class=\"page-heading\"><\/h1>\n<p style=\"text-align: center;\"><strong><span style=\"color: #ff0000;\"><span style=\"color: #777777;\"><span style=\"background-color: #fdf8ad;\"><span class=\"double-line\">\u00a0<\/span><br \/>\n<\/span><\/span><\/span><\/strong><\/p>\n<div>La meilleure qualit\u00e9 de barnums existante de la marque fran\u00e7aise Vitabri, installation en 30 secondes \u00e0 2 personnes.<\/div>\n<div><\/div>\n<p><span style=\"color: #ff00ff;\"><span style=\"color: #999999;\"><strong>Barnums pliants 3m x 3m<\/strong><\/span><br \/>\n<span style=\"color: #999999;\">Peuvent s&rsquo;additionner en\u00a0 3m x 6m, 3m x 9m, ou en L \u00e0 partir de 3 barnums ou tout autres formes etc&#8230;<\/span><br \/>\n<span style=\"color: #ff0000;\">(le tarif propos\u00e9 de 70\u20ac est pour un barnum 3mx3m et par week-end)<br \/>\n<span style=\"color: #ffffff;\">Un ch\u00e8que de caution vous sera demand\u00e9<\/span><br \/>\n<\/span><\/span><\/p>\n<p><span style=\"color: #ff00ff;\">\u00a0<\/span><\/p>\n<p style=\"text-align: center;\"><strong> <img loading=\"lazy\" decoding=\"async\" class=\"alignright wp-image-722 size-full\" src=\"http:\/\/animation-sd.com\/wp-content\/uploads\/2021\/11\/70E.png\" alt=\"\" width=\"100\" height=\"73\" \/><\/strong><\/p>\n<p style=\"text-align: center;\">\u00a0<img loading=\"lazy\" decoding=\"async\" class=\"size-medium wp-image-794 aligncenter\" src=\"http:\/\/animation-sd.com\/wp-content\/uploads\/2022\/03\/deploiement-e1452005674649-300x81.jpeg\" alt=\"\" width=\"300\" height=\"81\" \/><br \/>\n<img loading=\"lazy\" decoding=\"async\" class=\"size-medium wp-image-795 aligncenter\" src=\"http:\/\/animation-sd.com\/wp-content\/uploads\/2022\/03\/location-barnum-300x300.jpeg\" alt=\"\" width=\"300\" height=\"300\" \/><br \/>\n<a href=\"https:\/\/vimeo.com\/116156567\" target=\"_blank\" rel=\"noopener\">Vid\u00e9o d\u00e9ploiement d&rsquo;un barnum<\/a><\/p>\n<\/div>\n<p style=\"text-align: center;\"><span style=\"color: #ff00ff;\">Frais de d\u00e9placement et d\u2019installation sur devis<\/span><\/p>\n<p style=\"text-align: center;\"><span style=\"color: #ff00ff;\"><strong>Me contacter pour tout renseignement<\/strong><\/span><\/p>\n","protected":false},"excerpt":{"rendered":"<p>\u00a0 La meilleure qualit\u00e9 de barnums existante de la marque fran\u00e7aise Vitabri, installation en 30 secondes \u00e0 2 personnes. Barnums pliants 3m x 3m Peuvent s&rsquo;additionner en\u00a0 3m x 6m, 3m x 9m, ou en L \u00e0 partir de 3 barnums ou tout autres formes etc&#8230; (le tarif propos\u00e9 de 70\u20ac est pour un barnum [&hellip;]<\/p>\n","protected":false},"author":1,"featured_media":0,"parent":0,"menu_order":0,"comment_status":"closed","ping_status":"closed","template":"","meta":{"footnotes":""},"class_list":["post-14822","page","type-page","status-publish","hentry"],"_links":{"self":[{"href":"https:\/\/webpat.fr\/v4\/wp-json\/wp\/v2\/pages\/14822","targetHints":{"allow":["GET"]}}],"collection":[{"href":"https:\/\/webpat.fr\/v4\/wp-json\/wp\/v2\/pages"}],"about":[{"href":"https:\/\/webpat.fr\/v4\/wp-json\/wp\/v2\/types\/page"}],"author":[{"embeddable":true,"href":"https:\/\/webpat.fr\/v4\/wp-json\/wp\/v2\/users\/1"}],"replies":[{"embeddable":true,"href":"https:\/\/webpat.fr\/v4\/wp-json\/wp\/v2\/comments?post=14822"}],"version-history":[{"count":10,"href":"https:\/\/webpat.fr\/v4\/wp-json\/wp\/v2\/pages\/14822\/revisions"}],"predecessor-version":[{"id":14835,"href":"https:\/\/webpat.fr\/v4\/wp-json\/wp\/v2\/pages\/14822\/revisions\/14835"}],"wp:attachment":[{"href":"https:\/\/webpat.fr\/v4\/wp-json\/wp\/v2\/media?parent=14822"}],"curies":[{"name":"wp","href":"https:\/\/api.w.org\/{rel}","templated":true}]}}