{"id":20093,"date":"2023-12-21T10:38:43","date_gmt":"2023-12-21T09:38:43","guid":{"rendered":"https:\/\/webpat.fr\/v4\/?page_id=20093"},"modified":"2023-12-21T10:38:43","modified_gmt":"2023-12-21T09:38:43","slug":"kdance","status":"publish","type":"page","link":"https:\/\/webpat.fr\/v4\/kdance\/","title":{"rendered":"KDance"},"content":{"rendered":"<h1 style=\"text-align: center;\">Photos K-Dance avec le P\u00e8re No\u00ebl<br \/>\ndu 20 d\u00e9cembre 2023<\/h1>\n<p style=\"text-align: center;\">Afin de visualiser et \u00e9ventuellement commander vos photos avec le P\u00e8re No\u00ebl KDance.<br \/>\nSur le lien ci dessous<br \/>\nCliquez sur la ou les photos que vous souhaitez commander afin de noter le num\u00e9ro (seulement les 4 derniers chiffres)<br \/>\nR\u00e8glement \u00e0 effectuer en esp\u00e8ces ou par ch\u00e8que \u00e0 l&rsquo;ordre de KDance<br \/>\nPour les personnes d\u00e9sirant avoir leur photos rapidement (avant No\u00ebl)<br \/>\nMerci de me contacter par SMS uniquement au 06 64 47 66 10 en me pr\u00e9cisant les num\u00e9ros des photos souhait\u00e9es.<br \/>\nUne fois imprim\u00e9es je vous contacterais pur venir r\u00e9cup\u00e9rer les photos \u00e0 mon domicile \u00e0 Saint R\u00e9my.<br \/>\nTarif des photos (format 15 x 20 cm) remises en pochette<br \/>\n1 photo = 10\u20ac<br \/>\n2 photos = 18\u20ac (2 photos identiques ou 2 diff\u00e9rentes possibles)<br \/>\n3 photos = 25\u20ac (3 photos identiques ou 3 diff\u00e9rentes possibles)<\/p>\n<p><a href=\"https:\/\/webpat.fr\/v4\/portfolio\/kdance-pere-noel-2023\/\"><img loading=\"lazy\" decoding=\"async\" class=\"alignnone size-medium wp-image-20094 aligncenter\" src=\"http:\/\/webpat.fr\/v4\/wp-content\/uploads\/2023\/12\/Bouton-KDance-300x300.png\" alt=\"\" width=\"300\" height=\"300\" srcset=\"https:\/\/webpat.fr\/v4\/wp-content\/uploads\/2023\/12\/Bouton-KDance-300x300.png 300w, https:\/\/webpat.fr\/v4\/wp-content\/uploads\/2023\/12\/Bouton-KDance-1024x1024.png 1024w, https:\/\/webpat.fr\/v4\/wp-content\/uploads\/2023\/12\/Bouton-KDance-150x150.png 150w, https:\/\/webpat.fr\/v4\/wp-content\/uploads\/2023\/12\/Bouton-KDance-768x768.png 768w, https:\/\/webpat.fr\/v4\/wp-content\/uploads\/2023\/12\/Bouton-KDance-600x600.png 600w, https:\/\/webpat.fr\/v4\/wp-content\/uploads\/2023\/12\/Bouton-KDance-100x100.png 100w, https:\/\/webpat.fr\/v4\/wp-content\/uploads\/2023\/12\/Bouton-KDance.png 1181w\" sizes=\"auto, (max-width: 300px) 100vw, 300px\" \/><\/a><\/p>\n","protected":false},"excerpt":{"rendered":"<p>Photos K-Dance avec le P\u00e8re No\u00ebl du 20 d\u00e9cembre 2023 Afin de visualiser et \u00e9ventuellement commander vos photos avec le P\u00e8re No\u00ebl KDance. Sur le lien ci dessous Cliquez sur la ou les photos que vous souhaitez commander afin de noter le num\u00e9ro (seulement les 4 derniers chiffres) R\u00e8glement \u00e0 effectuer en esp\u00e8ces ou par [&hellip;]<\/p>\n","protected":false},"author":1,"featured_media":0,"parent":0,"menu_order":0,"comment_status":"closed","ping_status":"closed","template":"","meta":{"footnotes":""},"class_list":["post-20093","page","type-page","status-publish","hentry"],"_links":{"self":[{"href":"https:\/\/webpat.fr\/v4\/wp-json\/wp\/v2\/pages\/20093","targetHints":{"allow":["GET"]}}],"collection":[{"href":"https:\/\/webpat.fr\/v4\/wp-json\/wp\/v2\/pages"}],"about":[{"href":"https:\/\/webpat.fr\/v4\/wp-json\/wp\/v2\/types\/page"}],"author":[{"embeddable":true,"href":"https:\/\/webpat.fr\/v4\/wp-json\/wp\/v2\/users\/1"}],"replies":[{"embeddable":true,"href":"https:\/\/webpat.fr\/v4\/wp-json\/wp\/v2\/comments?post=20093"}],"version-history":[{"count":1,"href":"https:\/\/webpat.fr\/v4\/wp-json\/wp\/v2\/pages\/20093\/revisions"}],"predecessor-version":[{"id":20095,"href":"https:\/\/webpat.fr\/v4\/wp-json\/wp\/v2\/pages\/20093\/revisions\/20095"}],"wp:attachment":[{"href":"https:\/\/webpat.fr\/v4\/wp-json\/wp\/v2\/media?parent=20093"}],"curies":[{"name":"wp","href":"https:\/\/api.w.org\/{rel}","templated":true}]}}