{"id":386,"date":"2011-03-10T12:41:07","date_gmt":"2011-03-10T12:41:07","guid":{"rendered":"http:\/\/pexeto.com\/highlight_wp\/?page_id=386"},"modified":"2021-04-02T13:57:03","modified_gmt":"2021-04-02T11:57:03","slug":"contact","status":"publish","type":"page","link":"https:\/\/webpat.fr\/v4\/contact\/","title":{"rendered":"Contact"},"content":{"rendered":"<p>Bonjour, si vous souhaitez me contacter pour un devis (reportage photos, \u00e9v\u00e8nement, mariage, anniversaire, shooting),<br \/>\nune envie de photos pour faire plaisir \u00e0 quelqu&rsquo;un ou tout simplement vous faire plaisir, n&rsquo;h\u00e9sitez pas.<br \/>\nJe pratique \u00e9galement la photo th\u00e9rapie pour prendre confiance en vous. (des explications sur demande suivant votre souhait)<br \/>\nPlusieurs possibilit\u00e9s :<\/p>\n<p>T\u00e9l\u00e9phone : 06 64 47 66 10 (n&rsquo;appelez pas en priv\u00e9 je ne r\u00e9pondrais pas)<br \/>\nMessage: avec le formulaire ci-dessous (recommand\u00e9)<br \/>\nFacebook : Pat&rsquo; Dits<br \/>\nInstagram : Pat&rsquo; Dits<\/p>\n<p>2009 &#8211; 2021 \u00a9 Dits Patrick Photographe N\u00b0 SIRET : 49954649700029<\/p>\n","protected":false},"excerpt":{"rendered":"<p>Bonjour, si vous souhaitez me contacter pour un devis (reportage photos, \u00e9v\u00e8nement, mariage, anniversaire, shooting), une envie de photos pour faire plaisir \u00e0 quelqu&rsquo;un ou tout simplement vous faire plaisir, n&rsquo;h\u00e9sitez pas. Je pratique \u00e9galement la photo th\u00e9rapie pour prendre confiance en vous. (des explications sur demande suivant votre souhait) Plusieurs possibilit\u00e9s : T\u00e9l\u00e9phone : [&hellip;]<\/p>\n","protected":false},"author":1,"featured_media":0,"parent":0,"menu_order":0,"comment_status":"open","ping_status":"closed","template":"template-contact.php","meta":{"footnotes":""},"class_list":["post-386","page","type-page","status-publish","hentry"],"_links":{"self":[{"href":"https:\/\/webpat.fr\/v4\/wp-json\/wp\/v2\/pages\/386","targetHints":{"allow":["GET"]}}],"collection":[{"href":"https:\/\/webpat.fr\/v4\/wp-json\/wp\/v2\/pages"}],"about":[{"href":"https:\/\/webpat.fr\/v4\/wp-json\/wp\/v2\/types\/page"}],"author":[{"embeddable":true,"href":"https:\/\/webpat.fr\/v4\/wp-json\/wp\/v2\/users\/1"}],"replies":[{"embeddable":true,"href":"https:\/\/webpat.fr\/v4\/wp-json\/wp\/v2\/comments?post=386"}],"version-history":[{"count":3,"href":"https:\/\/webpat.fr\/v4\/wp-json\/wp\/v2\/pages\/386\/revisions"}],"predecessor-version":[{"id":11357,"href":"https:\/\/webpat.fr\/v4\/wp-json\/wp\/v2\/pages\/386\/revisions\/11357"}],"wp:attachment":[{"href":"https:\/\/webpat.fr\/v4\/wp-json\/wp\/v2\/media?parent=386"}],"curies":[{"name":"wp","href":"https:\/\/api.w.org\/{rel}","templated":true}]}}